{"id":109,"date":"2021-05-31T05:29:47","date_gmt":"2021-05-31T05:29:47","guid":{"rendered":"https:\/\/cabellosanopilofitogen.com\/site\/?page_id=109"},"modified":"2021-08-05T17:32:12","modified_gmt":"2021-08-05T17:32:12","slug":"balsamo-pilofitogen","status":"publish","type":"page","link":"https:\/\/cabellosanopilofitogen.com\/site\/balsamo-pilofitogen\/","title":{"rendered":"B\u00e1lsamo Pilofitogen"},"content":{"rendered":"\t\t<div data-elementor-type=\"wp-page\" data-elementor-id=\"109\" class=\"elementor elementor-109\" data-elementor-settings=\"{&quot;ha_cmc_init_switcher&quot;:&quot;no&quot;}\" data-elementor-post-type=\"page\">\n\t\t\t\t\t\t<section class=\"elementor-section elementor-top-section elementor-element elementor-element-771e4fe elementor-section-boxed elementor-section-height-default elementor-section-height-default\" data-id=\"771e4fe\" data-element_type=\"section\" data-settings=\"{&quot;_ha_eqh_enable&quot;:false}\">\n\t\t\t\t\t\t<div class=\"elementor-container elementor-column-gap-default\">\n\t\t\t\t\t<div class=\"elementor-column elementor-col-100 elementor-top-column elementor-element elementor-element-ed73b62\" data-id=\"ed73b62\" data-element_type=\"column\">\n\t\t\t<div class=\"elementor-widget-wrap\">\n\t\t\t\t\t\t\t<\/div>\n\t\t<\/div>\n\t\t\t\t\t<\/div>\n\t\t<\/section>\n\t\t\t\t<section class=\"elementor-section elementor-top-section elementor-element elementor-element-4e16d51 elementor-section-content-middle elementor-section-boxed elementor-section-height-default elementor-section-height-default\" data-id=\"4e16d51\" data-element_type=\"section\" data-settings=\"{&quot;background_background&quot;:&quot;classic&quot;,&quot;_ha_eqh_enable&quot;:false}\">\n\t\t\t\t\t\t\t<div class=\"elementor-background-overlay\"><\/div>\n\t\t\t\t\t\t\t<div class=\"elementor-container elementor-column-gap-default\">\n\t\t\t\t\t<div class=\"elementor-column elementor-col-50 elementor-top-column elementor-element elementor-element-d8504e6\" data-id=\"d8504e6\" data-element_type=\"column\">\n\t\t\t<div class=\"elementor-widget-wrap elementor-element-populated\">\n\t\t\t\t\t\t<div class=\"elementor-element elementor-element-9cdb7a5 elementor-widget elementor-widget-heading\" data-id=\"9cdb7a5\" data-element_type=\"widget\" data-widget_type=\"heading.default\">\n\t\t\t\t<div class=\"elementor-widget-container\">\n\t\t\t\t\t<h2 class=\"elementor-heading-title elementor-size-default\">B\u00c1LSAMO<\/h2>\t\t\t\t<\/div>\n\t\t\t\t<\/div>\n\t\t\t\t<div class=\"elementor-element elementor-element-e594546 elementor-widget elementor-widget-heading\" data-id=\"e594546\" data-element_type=\"widget\" data-widget_type=\"heading.default\">\n\t\t\t\t<div class=\"elementor-widget-container\">\n\t\t\t\t\t<h2 class=\"elementor-heading-title elementor-size-default\">PILOFITOGEN<\/h2>\t\t\t\t<\/div>\n\t\t\t\t<\/div>\n\t\t\t\t<div class=\"elementor-element elementor-element-0ffbb30 elementor-widget-divider--view-line elementor-widget elementor-widget-divider\" data-id=\"0ffbb30\" data-element_type=\"widget\" data-widget_type=\"divider.default\">\n\t\t\t\t<div class=\"elementor-widget-container\">\n\t\t\t\t\t\t\t<div class=\"elementor-divider\">\n\t\t\t<span class=\"elementor-divider-separator\">\n\t\t\t\t\t\t<\/span>\n\t\t<\/div>\n\t\t\t\t\t\t<\/div>\n\t\t\t\t<\/div>\n\t\t\t\t<div class=\"elementor-element elementor-element-3021e72 elementor-widget elementor-widget-heading\" data-id=\"3021e72\" data-element_type=\"widget\" data-widget_type=\"heading.default\">\n\t\t\t\t<div class=\"elementor-widget-container\">\n\t\t\t\t\t<h2 class=\"elementor-heading-title elementor-size-default\">cuidado del cabello<\/h2>\t\t\t\t<\/div>\n\t\t\t\t<\/div>\n\t\t\t\t<div class=\"elementor-element elementor-element-df947dd elementor-widget elementor-widget-text-editor\" data-id=\"df947dd\" data-element_type=\"widget\" data-widget_type=\"text-editor.default\">\n\t\t\t\t<div class=\"elementor-widget-container\">\n\t\t\t\t\t\t\t\t\t<p>El B\u00e1lsamo Pilofitogen con aceite de caf\u00e9 nutre, suaviza, energiza, reduce el volumen y ayuda a un mejor peinado del cabello, gracias a su <span style=\"color: #99cc00;\">excelente f\u00f3rmula <\/span>con vitaminas y lo mejor del caf\u00e9 colombiano en un producto de tocador.<\/p><p>Mejora la apariencia y funci\u00f3n de los cabellos secos dej\u00e1ndolos suaves y sedosos, cuida tu cabello gracias al aporte de\u00a0 Antioxidantes y cafe\u00edna, es <span style=\"color: #99cc00;\">f\u00e1cil de usar<\/span> y su aroma te encantar\u00e1.<\/p>\t\t\t\t\t\t\t\t<\/div>\n\t\t\t\t<\/div>\n\t\t\t\t<div class=\"elementor-element elementor-element-da975e3 elementor-widget elementor-widget-button\" data-id=\"da975e3\" data-element_type=\"widget\" data-widget_type=\"button.default\">\n\t\t\t\t<div class=\"elementor-widget-container\">\n\t\t\t\t\t\t\t\t\t<div class=\"elementor-button-wrapper\">\n\t\t\t\t\t<a class=\"elementor-button elementor-button-link elementor-size-sm\" href=\"https:\/\/api.whatsapp.com\/send?phone=+573158822216&#038;text=Hola,%20estoy%20interesado%20en:%20B%C3%A1lsamo%20Pilofitogen\">\n\t\t\t\t\t\t<span class=\"elementor-button-content-wrapper\">\n\t\t\t\t\t\t\t\t\t<span class=\"elementor-button-text\">Comprar<\/span>\n\t\t\t\t\t<\/span>\n\t\t\t\t\t<\/a>\n\t\t\t\t<\/div>\n\t\t\t\t\t\t\t\t<\/div>\n\t\t\t\t<\/div>\n\t\t\t\t\t<\/div>\n\t\t<\/div>\n\t\t\t\t<div class=\"elementor-column elementor-col-50 elementor-top-column elementor-element elementor-element-5ee471d1\" data-id=\"5ee471d1\" data-element_type=\"column\">\n\t\t\t<div class=\"elementor-widget-wrap elementor-element-populated\">\n\t\t\t\t\t\t<div class=\"elementor-element elementor-element-17b975a elementor-widget elementor-widget-image\" data-id=\"17b975a\" data-element_type=\"widget\" data-widget_type=\"image.default\">\n\t\t\t\t<div class=\"elementor-widget-container\">\n\t\t\t\t\t\t\t\t\t\t\t\t\t\t\t<img fetchpriority=\"high\" decoding=\"async\" width=\"576\" height=\"1024\" src=\"https:\/\/cabellosanopilofitogen.com\/site\/wp-content\/uploads\/2021\/07\/Balsamo-Pilofitogen-576x1024.jpg\" class=\"attachment-large size-large wp-image-445\" alt=\"\" srcset=\"https:\/\/cabellosanopilofitogen.com\/site\/wp-content\/uploads\/2021\/07\/Balsamo-Pilofitogen-576x1024.jpg 576w, https:\/\/cabellosanopilofitogen.com\/site\/wp-content\/uploads\/2021\/07\/Balsamo-Pilofitogen-169x300.jpg 169w, https:\/\/cabellosanopilofitogen.com\/site\/wp-content\/uploads\/2021\/07\/Balsamo-Pilofitogen-768x1365.jpg 768w, https:\/\/cabellosanopilofitogen.com\/site\/wp-content\/uploads\/2021\/07\/Balsamo-Pilofitogen-864x1536.jpg 864w, https:\/\/cabellosanopilofitogen.com\/site\/wp-content\/uploads\/2021\/07\/Balsamo-Pilofitogen.jpg 927w\" sizes=\"(max-width: 576px) 100vw, 576px\" \/>\t\t\t\t\t\t\t\t\t\t\t\t\t\t\t<\/div>\n\t\t\t\t<\/div>\n\t\t\t\t\t<\/div>\n\t\t<\/div>\n\t\t\t\t\t<\/div>\n\t\t<\/section>\n\t\t\t\t<\/div>\n\t\t","protected":false},"excerpt":{"rendered":"<p>B\u00c1LSAMO PILOFITOGEN cuidado del cabello El B\u00e1lsamo Pilofitogen con aceite de caf\u00e9 nutre, suaviza, energiza, reduce el volumen y ayuda a un mejor peinado del cabello, gracias a su excelente f\u00f3rmula con vitaminas y lo mejor del caf\u00e9 colombiano en un producto de tocador. Mejora la apariencia y funci\u00f3n de los cabellos secos dej\u00e1ndolos suaves y sedosos, cuida tu cabello gracias al aporte de\u00a0 Antioxidantes y cafe\u00edna, es f\u00e1cil de usar y su aroma te encantar\u00e1. Comprar<\/p>\n","protected":false},"author":1,"featured_media":0,"parent":0,"menu_order":0,"comment_status":"closed","ping_status":"closed","template":"elementor_header_footer","meta":{"footnotes":""},"class_list":["post-109","page","type-page","status-publish"],"_links":{"self":[{"href":"https:\/\/cabellosanopilofitogen.com\/site\/wp-json\/wp\/v2\/pages\/109","targetHints":{"allow":["GET"]}}],"collection":[{"href":"https:\/\/cabellosanopilofitogen.com\/site\/wp-json\/wp\/v2\/pages"}],"about":[{"href":"https:\/\/cabellosanopilofitogen.com\/site\/wp-json\/wp\/v2\/types\/page"}],"author":[{"embeddable":true,"href":"https:\/\/cabellosanopilofitogen.com\/site\/wp-json\/wp\/v2\/users\/1"}],"replies":[{"embeddable":true,"href":"https:\/\/cabellosanopilofitogen.com\/site\/wp-json\/wp\/v2\/comments?post=109"}],"version-history":[{"count":25,"href":"https:\/\/cabellosanopilofitogen.com\/site\/wp-json\/wp\/v2\/pages\/109\/revisions"}],"predecessor-version":[{"id":527,"href":"https:\/\/cabellosanopilofitogen.com\/site\/wp-json\/wp\/v2\/pages\/109\/revisions\/527"}],"wp:attachment":[{"href":"https:\/\/cabellosanopilofitogen.com\/site\/wp-json\/wp\/v2\/media?parent=109"}],"curies":[{"name":"wp","href":"https:\/\/api.w.org\/{rel}","templated":true}]}}