{"id":111,"date":"2021-05-31T05:30:21","date_gmt":"2021-05-31T05:30:21","guid":{"rendered":"https:\/\/cabellosanopilofitogen.com\/site\/?page_id=111"},"modified":"2021-08-05T17:33:16","modified_gmt":"2021-08-05T17:33:16","slug":"crema-de-cafe","status":"publish","type":"page","link":"https:\/\/cabellosanopilofitogen.com\/site\/crema-de-cafe\/","title":{"rendered":"Crema de caf\u00e9"},"content":{"rendered":"\t\t<div data-elementor-type=\"wp-page\" data-elementor-id=\"111\" class=\"elementor elementor-111\" data-elementor-settings=\"{&quot;ha_cmc_init_switcher&quot;:&quot;no&quot;}\" data-elementor-post-type=\"page\">\n\t\t\t\t\t\t<section class=\"elementor-section elementor-top-section elementor-element elementor-element-771e4fe elementor-section-boxed elementor-section-height-default elementor-section-height-default\" data-id=\"771e4fe\" data-element_type=\"section\" data-settings=\"{&quot;_ha_eqh_enable&quot;:false}\">\n\t\t\t\t\t\t<div class=\"elementor-container elementor-column-gap-default\">\n\t\t\t\t\t<div class=\"elementor-column elementor-col-100 elementor-top-column elementor-element elementor-element-ed73b62\" data-id=\"ed73b62\" data-element_type=\"column\">\n\t\t\t<div class=\"elementor-widget-wrap\">\n\t\t\t\t\t\t\t<\/div>\n\t\t<\/div>\n\t\t\t\t\t<\/div>\n\t\t<\/section>\n\t\t\t\t<section class=\"elementor-section elementor-top-section elementor-element elementor-element-54a7f36c elementor-section-content-middle elementor-section-boxed elementor-section-height-default elementor-section-height-default\" data-id=\"54a7f36c\" data-element_type=\"section\" data-settings=\"{&quot;background_background&quot;:&quot;classic&quot;,&quot;_ha_eqh_enable&quot;:false}\">\n\t\t\t\t\t\t\t<div class=\"elementor-background-overlay\"><\/div>\n\t\t\t\t\t\t\t<div class=\"elementor-container elementor-column-gap-default\">\n\t\t\t\t\t<div class=\"elementor-column elementor-col-50 elementor-top-column elementor-element elementor-element-592a797a\" data-id=\"592a797a\" data-element_type=\"column\">\n\t\t\t<div class=\"elementor-widget-wrap elementor-element-populated\">\n\t\t\t\t\t\t<div class=\"elementor-element elementor-element-282bc7ce elementor-widget elementor-widget-heading\" data-id=\"282bc7ce\" data-element_type=\"widget\" data-widget_type=\"heading.default\">\n\t\t\t\t<div class=\"elementor-widget-container\">\n\t\t\t\t\t<h2 class=\"elementor-heading-title elementor-size-default\">B\u00c1LSAMO<\/h2>\t\t\t\t<\/div>\n\t\t\t\t<\/div>\n\t\t\t\t<div class=\"elementor-element elementor-element-1aca0296 elementor-widget elementor-widget-heading\" data-id=\"1aca0296\" data-element_type=\"widget\" data-widget_type=\"heading.default\">\n\t\t\t\t<div class=\"elementor-widget-container\">\n\t\t\t\t\t<h2 class=\"elementor-heading-title elementor-size-default\">CREMA DE CAF\u00c9<\/h2>\t\t\t\t<\/div>\n\t\t\t\t<\/div>\n\t\t\t\t<div class=\"elementor-element elementor-element-64c8a668 elementor-widget-divider--view-line elementor-widget elementor-widget-divider\" data-id=\"64c8a668\" data-element_type=\"widget\" data-widget_type=\"divider.default\">\n\t\t\t\t<div class=\"elementor-widget-container\">\n\t\t\t\t\t\t\t<div class=\"elementor-divider\">\n\t\t\t<span class=\"elementor-divider-separator\">\n\t\t\t\t\t\t<\/span>\n\t\t<\/div>\n\t\t\t\t\t\t<\/div>\n\t\t\t\t<\/div>\n\t\t\t\t<div class=\"elementor-element elementor-element-15abccf8 elementor-widget elementor-widget-heading\" data-id=\"15abccf8\" data-element_type=\"widget\" data-widget_type=\"heading.default\">\n\t\t\t\t<div class=\"elementor-widget-container\">\n\t\t\t\t\t<h2 class=\"elementor-heading-title elementor-size-default\">CUIDADO DE LA PIEL<\/h2>\t\t\t\t<\/div>\n\t\t\t\t<\/div>\n\t\t\t\t<div class=\"elementor-element elementor-element-64a92c34 elementor-widget elementor-widget-text-editor\" data-id=\"64a92c34\" data-element_type=\"widget\" data-widget_type=\"text-editor.default\">\n\t\t\t\t<div class=\"elementor-widget-container\">\n\t\t\t\t\t\t\t\t\t<p>La crema de caf\u00e9 disminuye las l\u00edneas de expresi\u00f3n faciales gracias al aporte de antioxidantes del <span style=\"color: #ffff00;\">aceite de caf\u00e9<\/span> usado en su elaboraci\u00f3n, adem\u00e1s mejora el aspecto visual de las ojeras causadas por los quehaceres del d\u00eda a d\u00eda.<\/p><p>Es un producto que resalta la versatilidad y <span style=\"color: #ffff00;\">calidad<\/span> el caf\u00e9 colombiano.<\/p>\t\t\t\t\t\t\t\t<\/div>\n\t\t\t\t<\/div>\n\t\t\t\t<div class=\"elementor-element elementor-element-76d2345d elementor-widget elementor-widget-button\" data-id=\"76d2345d\" data-element_type=\"widget\" data-widget_type=\"button.default\">\n\t\t\t\t<div class=\"elementor-widget-container\">\n\t\t\t\t\t\t\t\t\t<div class=\"elementor-button-wrapper\">\n\t\t\t\t\t<a class=\"elementor-button elementor-button-link elementor-size-sm\" href=\"https:\/\/api.whatsapp.com\/send?phone=+573158822216&#038;text=Hola,%20estoy%20interesado%20en:%20Crema%20de%20Caf%C3%A9\">\n\t\t\t\t\t\t<span class=\"elementor-button-content-wrapper\">\n\t\t\t\t\t\t\t\t\t<span class=\"elementor-button-text\">Comprar<\/span>\n\t\t\t\t\t<\/span>\n\t\t\t\t\t<\/a>\n\t\t\t\t<\/div>\n\t\t\t\t\t\t\t\t<\/div>\n\t\t\t\t<\/div>\n\t\t\t\t\t<\/div>\n\t\t<\/div>\n\t\t\t\t<div class=\"elementor-column elementor-col-50 elementor-top-column elementor-element elementor-element-dc53cc3\" data-id=\"dc53cc3\" data-element_type=\"column\">\n\t\t\t<div class=\"elementor-widget-wrap elementor-element-populated\">\n\t\t\t\t\t\t<div class=\"elementor-element elementor-element-17b975a elementor-widget elementor-widget-image\" data-id=\"17b975a\" data-element_type=\"widget\" data-widget_type=\"image.default\">\n\t\t\t\t<div class=\"elementor-widget-container\">\n\t\t\t\t\t\t\t\t\t\t\t\t\t\t\t<img fetchpriority=\"high\" decoding=\"async\" width=\"800\" height=\"450\" src=\"https:\/\/cabellosanopilofitogen.com\/site\/wp-content\/uploads\/2021\/07\/cafe-n-1024x576.jpg\" class=\"attachment-large size-large wp-image-487\" alt=\"\" srcset=\"https:\/\/cabellosanopilofitogen.com\/site\/wp-content\/uploads\/2021\/07\/cafe-n-1024x576.jpg 1024w, https:\/\/cabellosanopilofitogen.com\/site\/wp-content\/uploads\/2021\/07\/cafe-n-300x169.jpg 300w, https:\/\/cabellosanopilofitogen.com\/site\/wp-content\/uploads\/2021\/07\/cafe-n-768x432.jpg 768w, https:\/\/cabellosanopilofitogen.com\/site\/wp-content\/uploads\/2021\/07\/cafe-n.jpg 1510w\" sizes=\"(max-width: 800px) 100vw, 800px\" \/>\t\t\t\t\t\t\t\t\t\t\t\t\t\t\t<\/div>\n\t\t\t\t<\/div>\n\t\t\t\t\t<\/div>\n\t\t<\/div>\n\t\t\t\t\t<\/div>\n\t\t<\/section>\n\t\t\t\t<\/div>\n\t\t","protected":false},"excerpt":{"rendered":"<p>B\u00c1LSAMO CREMA DE CAF\u00c9 CUIDADO DE LA PIEL La crema de caf\u00e9 disminuye las l\u00edneas de expresi\u00f3n faciales gracias al aporte de antioxidantes del aceite de caf\u00e9 usado en su elaboraci\u00f3n, adem\u00e1s mejora el aspecto visual de las ojeras causadas por los quehaceres del d\u00eda a d\u00eda. Es un producto que resalta la versatilidad y calidad el caf\u00e9 colombiano. Comprar<\/p>\n","protected":false},"author":1,"featured_media":0,"parent":0,"menu_order":0,"comment_status":"closed","ping_status":"closed","template":"elementor_header_footer","meta":{"footnotes":""},"class_list":["post-111","page","type-page","status-publish"],"_links":{"self":[{"href":"https:\/\/cabellosanopilofitogen.com\/site\/wp-json\/wp\/v2\/pages\/111","targetHints":{"allow":["GET"]}}],"collection":[{"href":"https:\/\/cabellosanopilofitogen.com\/site\/wp-json\/wp\/v2\/pages"}],"about":[{"href":"https:\/\/cabellosanopilofitogen.com\/site\/wp-json\/wp\/v2\/types\/page"}],"author":[{"embeddable":true,"href":"https:\/\/cabellosanopilofitogen.com\/site\/wp-json\/wp\/v2\/users\/1"}],"replies":[{"embeddable":true,"href":"https:\/\/cabellosanopilofitogen.com\/site\/wp-json\/wp\/v2\/comments?post=111"}],"version-history":[{"count":25,"href":"https:\/\/cabellosanopilofitogen.com\/site\/wp-json\/wp\/v2\/pages\/111\/revisions"}],"predecessor-version":[{"id":542,"href":"https:\/\/cabellosanopilofitogen.com\/site\/wp-json\/wp\/v2\/pages\/111\/revisions\/542"}],"wp:attachment":[{"href":"https:\/\/cabellosanopilofitogen.com\/site\/wp-json\/wp\/v2\/media?parent=111"}],"curies":[{"name":"wp","href":"https:\/\/api.w.org\/{rel}","templated":true}]}}