{"id":124,"date":"2021-05-31T05:55:45","date_gmt":"2021-05-31T05:55:45","guid":{"rendered":"https:\/\/cabellosanopilofitogen.com\/site\/?page_id=124"},"modified":"2022-03-08T23:30:29","modified_gmt":"2022-03-08T23:30:29","slug":"champu-manzanilla","status":"publish","type":"page","link":"https:\/\/cabellosanopilofitogen.com\/site\/champu-manzanilla\/","title":{"rendered":"Champ\u00fa Manzanilla"},"content":{"rendered":"\t\t<div data-elementor-type=\"wp-page\" data-elementor-id=\"124\" class=\"elementor elementor-124\" data-elementor-settings=\"{&quot;ha_cmc_init_switcher&quot;:&quot;no&quot;}\" data-elementor-post-type=\"page\">\n\t\t\t\t\t\t<section class=\"elementor-section elementor-top-section elementor-element elementor-element-771e4fe elementor-section-boxed elementor-section-height-default elementor-section-height-default\" data-id=\"771e4fe\" data-element_type=\"section\" data-settings=\"{&quot;_ha_eqh_enable&quot;:false}\">\n\t\t\t\t\t\t<div class=\"elementor-container elementor-column-gap-default\">\n\t\t\t\t\t<div class=\"elementor-column elementor-col-100 elementor-top-column elementor-element elementor-element-ed73b62\" data-id=\"ed73b62\" data-element_type=\"column\">\n\t\t\t<div class=\"elementor-widget-wrap\">\n\t\t\t\t\t\t\t<\/div>\n\t\t<\/div>\n\t\t\t\t\t<\/div>\n\t\t<\/section>\n\t\t\t\t<section class=\"elementor-section elementor-top-section elementor-element elementor-element-2b90adac elementor-section-content-middle elementor-section-boxed elementor-section-height-default elementor-section-height-default\" data-id=\"2b90adac\" data-element_type=\"section\" data-settings=\"{&quot;background_background&quot;:&quot;classic&quot;,&quot;_ha_eqh_enable&quot;:false}\">\n\t\t\t\t\t\t\t<div class=\"elementor-background-overlay\"><\/div>\n\t\t\t\t\t\t\t<div class=\"elementor-container elementor-column-gap-default\">\n\t\t\t\t\t<div class=\"elementor-column elementor-col-50 elementor-top-column elementor-element elementor-element-44dd566f\" data-id=\"44dd566f\" data-element_type=\"column\">\n\t\t\t<div class=\"elementor-widget-wrap elementor-element-populated\">\n\t\t\t\t\t\t<div class=\"elementor-element elementor-element-3eb65fb6 elementor-widget elementor-widget-heading\" data-id=\"3eb65fb6\" data-element_type=\"widget\" data-widget_type=\"heading.default\">\n\t\t\t\t<div class=\"elementor-widget-container\">\n\t\t\t\t\t<h2 class=\"elementor-heading-title elementor-size-default\">CHAMP\u00da<\/h2>\t\t\t\t<\/div>\n\t\t\t\t<\/div>\n\t\t\t\t<div class=\"elementor-element elementor-element-4888c1b3 elementor-widget elementor-widget-heading\" data-id=\"4888c1b3\" data-element_type=\"widget\" data-widget_type=\"heading.default\">\n\t\t\t\t<div class=\"elementor-widget-container\">\n\t\t\t\t\t<h2 class=\"elementor-heading-title elementor-size-default\">MANZANILLA<\/h2>\t\t\t\t<\/div>\n\t\t\t\t<\/div>\n\t\t\t\t<div class=\"elementor-element elementor-element-1b560cc6 elementor-widget-divider--view-line elementor-widget elementor-widget-divider\" data-id=\"1b560cc6\" data-element_type=\"widget\" data-widget_type=\"divider.default\">\n\t\t\t\t<div class=\"elementor-widget-container\">\n\t\t\t\t\t\t\t<div class=\"elementor-divider\">\n\t\t\t<span class=\"elementor-divider-separator\">\n\t\t\t\t\t\t<\/span>\n\t\t<\/div>\n\t\t\t\t\t\t<\/div>\n\t\t\t\t<\/div>\n\t\t\t\t<div class=\"elementor-element elementor-element-26e24291 elementor-widget elementor-widget-heading\" data-id=\"26e24291\" data-element_type=\"widget\" data-widget_type=\"heading.default\">\n\t\t\t\t<div class=\"elementor-widget-container\">\n\t\t\t\t\t<h2 class=\"elementor-heading-title elementor-size-default\">L\u00ednea para el cuidado del cabello<\/h2>\t\t\t\t<\/div>\n\t\t\t\t<\/div>\n\t\t\t\t<div class=\"elementor-element elementor-element-632ea980 elementor-widget elementor-widget-heading\" data-id=\"632ea980\" data-element_type=\"widget\" data-widget_type=\"heading.default\">\n\t\t\t\t<div class=\"elementor-widget-container\">\n\t\t\t\t\t<h2 class=\"elementor-heading-title elementor-size-default\">CUIDADO DEL CABELLO<\/h2>\t\t\t\t<\/div>\n\t\t\t\t<\/div>\n\t\t\t\t<div class=\"elementor-element elementor-element-df947dd elementor-widget elementor-widget-text-editor\" data-id=\"df947dd\" data-element_type=\"widget\" data-widget_type=\"text-editor.default\">\n\t\t\t\t<div class=\"elementor-widget-container\">\n\t\t\t\t\t\t\t\t\t<p>Nuestro champ\u00fa de manzanilla Pilofitogen presenta una f\u00f3rmula natural libre de colorantes, fragancias y\/o qu\u00edmicos potenciadores de color. Sus bondades son dadas por una excelente mezcla de dos especies de manzanilla que mantiene y aumenta el tono claro del cabello sin lastimarlo, dej\u00e1ndolo limpio suave y hermoso.<\/p>\t\t\t\t\t\t\t\t<\/div>\n\t\t\t\t<\/div>\n\t\t\t\t<div class=\"elementor-element elementor-element-488dd961 elementor-widget elementor-widget-button\" data-id=\"488dd961\" data-element_type=\"widget\" data-widget_type=\"button.default\">\n\t\t\t\t<div class=\"elementor-widget-container\">\n\t\t\t\t\t\t\t\t\t<div class=\"elementor-button-wrapper\">\n\t\t\t\t\t<a class=\"elementor-button elementor-button-link elementor-size-sm\" href=\"https:\/\/api.whatsapp.com\/send?phone=+573158822216&#038;text=Hola,%20estoy%20interesado%20en:%20Champ%C3%BA%20Manzanilla\">\n\t\t\t\t\t\t<span class=\"elementor-button-content-wrapper\">\n\t\t\t\t\t\t\t\t\t<span class=\"elementor-button-text\">Comprar<\/span>\n\t\t\t\t\t<\/span>\n\t\t\t\t\t<\/a>\n\t\t\t\t<\/div>\n\t\t\t\t\t\t\t\t<\/div>\n\t\t\t\t<\/div>\n\t\t\t\t\t<\/div>\n\t\t<\/div>\n\t\t\t\t<div class=\"elementor-column elementor-col-50 elementor-top-column elementor-element elementor-element-438aae4b\" data-id=\"438aae4b\" data-element_type=\"column\">\n\t\t\t<div class=\"elementor-widget-wrap elementor-element-populated\">\n\t\t\t\t\t\t<div class=\"elementor-element elementor-element-17b975a elementor-widget elementor-widget-image\" data-id=\"17b975a\" data-element_type=\"widget\" data-widget_type=\"image.default\">\n\t\t\t\t<div class=\"elementor-widget-container\">\n\t\t\t\t\t\t\t\t\t\t\t\t\t\t\t<img fetchpriority=\"high\" decoding=\"async\" width=\"576\" height=\"1024\" src=\"https:\/\/cabellosanopilofitogen.com\/site\/wp-content\/uploads\/2021\/07\/Champu-de-Manzanilla-576x1024.jpg\" class=\"attachment-large size-large wp-image-448\" alt=\"\" srcset=\"https:\/\/cabellosanopilofitogen.com\/site\/wp-content\/uploads\/2021\/07\/Champu-de-Manzanilla-576x1024.jpg 576w, https:\/\/cabellosanopilofitogen.com\/site\/wp-content\/uploads\/2021\/07\/Champu-de-Manzanilla-169x300.jpg 169w, https:\/\/cabellosanopilofitogen.com\/site\/wp-content\/uploads\/2021\/07\/Champu-de-Manzanilla-768x1365.jpg 768w, https:\/\/cabellosanopilofitogen.com\/site\/wp-content\/uploads\/2021\/07\/Champu-de-Manzanilla-864x1536.jpg 864w, https:\/\/cabellosanopilofitogen.com\/site\/wp-content\/uploads\/2021\/07\/Champu-de-Manzanilla.jpg 891w\" sizes=\"(max-width: 576px) 100vw, 576px\" \/>\t\t\t\t\t\t\t\t\t\t\t\t\t\t\t<\/div>\n\t\t\t\t<\/div>\n\t\t\t\t\t<\/div>\n\t\t<\/div>\n\t\t\t\t\t<\/div>\n\t\t<\/section>\n\t\t\t\t<\/div>\n\t\t","protected":false},"excerpt":{"rendered":"<p>CHAMP\u00da MANZANILLA L\u00ednea para el cuidado del cabello CUIDADO DEL CABELLO Nuestro champ\u00fa de manzanilla Pilofitogen presenta una f\u00f3rmula natural libre de colorantes, fragancias y\/o qu\u00edmicos potenciadores de color. Sus bondades son dadas por una excelente mezcla de dos especies de manzanilla que mantiene y aumenta el tono claro del cabello sin lastimarlo, dej\u00e1ndolo limpio suave y hermoso. Comprar<\/p>\n","protected":false},"author":1,"featured_media":0,"parent":0,"menu_order":0,"comment_status":"closed","ping_status":"closed","template":"elementor_header_footer","meta":{"footnotes":""},"class_list":["post-124","page","type-page","status-publish"],"_links":{"self":[{"href":"https:\/\/cabellosanopilofitogen.com\/site\/wp-json\/wp\/v2\/pages\/124","targetHints":{"allow":["GET"]}}],"collection":[{"href":"https:\/\/cabellosanopilofitogen.com\/site\/wp-json\/wp\/v2\/pages"}],"about":[{"href":"https:\/\/cabellosanopilofitogen.com\/site\/wp-json\/wp\/v2\/types\/page"}],"author":[{"embeddable":true,"href":"https:\/\/cabellosanopilofitogen.com\/site\/wp-json\/wp\/v2\/users\/1"}],"replies":[{"embeddable":true,"href":"https:\/\/cabellosanopilofitogen.com\/site\/wp-json\/wp\/v2\/comments?post=124"}],"version-history":[{"count":22,"href":"https:\/\/cabellosanopilofitogen.com\/site\/wp-json\/wp\/v2\/pages\/124\/revisions"}],"predecessor-version":[{"id":605,"href":"https:\/\/cabellosanopilofitogen.com\/site\/wp-json\/wp\/v2\/pages\/124\/revisions\/605"}],"wp:attachment":[{"href":"https:\/\/cabellosanopilofitogen.com\/site\/wp-json\/wp\/v2\/media?parent=124"}],"curies":[{"name":"wp","href":"https:\/\/api.w.org\/{rel}","templated":true}]}}