{"id":173,"date":"2021-05-31T06:23:11","date_gmt":"2021-05-31T06:23:11","guid":{"rendered":"https:\/\/cabellosanopilofitogen.com\/site\/?page_id=173"},"modified":"2021-12-15T14:43:56","modified_gmt":"2021-12-15T14:43:56","slug":"distribuidores","status":"publish","type":"page","link":"https:\/\/cabellosanopilofitogen.com\/site\/distribuidores\/","title":{"rendered":"Distribuidores"},"content":{"rendered":"\t\t<div data-elementor-type=\"wp-page\" data-elementor-id=\"173\" class=\"elementor elementor-173\" data-elementor-settings=\"{&quot;ha_cmc_init_switcher&quot;:&quot;no&quot;}\" data-elementor-post-type=\"page\">\n\t\t\t\t\t\t<section class=\"elementor-section elementor-top-section elementor-element elementor-element-771e4fe elementor-section-boxed elementor-section-height-default elementor-section-height-default\" data-id=\"771e4fe\" data-element_type=\"section\" data-settings=\"{&quot;_ha_eqh_enable&quot;:false}\">\n\t\t\t\t\t\t<div class=\"elementor-container elementor-column-gap-default\">\n\t\t\t\t\t<div class=\"elementor-column elementor-col-100 elementor-top-column elementor-element elementor-element-ed73b62\" data-id=\"ed73b62\" data-element_type=\"column\">\n\t\t\t<div class=\"elementor-widget-wrap\">\n\t\t\t\t\t\t\t<\/div>\n\t\t<\/div>\n\t\t\t\t\t<\/div>\n\t\t<\/section>\n\t\t\t\t<section class=\"elementor-section elementor-top-section elementor-element elementor-element-8467019 elementor-section-height-full elementor-section-boxed elementor-section-height-default elementor-section-items-middle\" data-id=\"8467019\" data-element_type=\"section\" data-settings=\"{&quot;background_background&quot;:&quot;gradient&quot;,&quot;_ha_eqh_enable&quot;:false}\">\n\t\t\t\t\t\t\t<div class=\"elementor-background-overlay\"><\/div>\n\t\t\t\t\t\t\t<div class=\"elementor-container elementor-column-gap-default\">\n\t\t\t\t\t<div class=\"elementor-column elementor-col-50 elementor-top-column elementor-element elementor-element-8b15522\" data-id=\"8b15522\" data-element_type=\"column\">\n\t\t\t<div class=\"elementor-widget-wrap elementor-element-populated\">\n\t\t\t\t\t\t<div class=\"elementor-element elementor-element-8bb8b38 elementor-invisible elementor-widget elementor-widget-image\" data-id=\"8bb8b38\" data-element_type=\"widget\" data-settings=\"{&quot;motion_fx_motion_fx_mouse&quot;:&quot;yes&quot;,&quot;motion_fx_mouseTrack_effect&quot;:&quot;yes&quot;,&quot;motion_fx_mouseTrack_speed&quot;:{&quot;unit&quot;:&quot;px&quot;,&quot;size&quot;:0.1000000000000000055511151231257827021181583404541015625,&quot;sizes&quot;:[]},&quot;_animation&quot;:&quot;fadeInUp&quot;}\" data-widget_type=\"image.default\">\n\t\t\t\t<div class=\"elementor-widget-container\">\n\t\t\t\t\t\t\t\t\t\t\t\t\t\t\t<img fetchpriority=\"high\" decoding=\"async\" width=\"776\" height=\"1024\" src=\"https:\/\/cabellosanopilofitogen.com\/site\/wp-content\/uploads\/2021\/06\/Distribuidores-776x1024.png\" class=\"attachment-large size-large wp-image-386\" alt=\"\" srcset=\"https:\/\/cabellosanopilofitogen.com\/site\/wp-content\/uploads\/2021\/06\/Distribuidores-776x1024.png 776w, https:\/\/cabellosanopilofitogen.com\/site\/wp-content\/uploads\/2021\/06\/Distribuidores-227x300.png 227w, https:\/\/cabellosanopilofitogen.com\/site\/wp-content\/uploads\/2021\/06\/Distribuidores-768x1014.png 768w, https:\/\/cabellosanopilofitogen.com\/site\/wp-content\/uploads\/2021\/06\/Distribuidores-1164x1536.png 1164w, https:\/\/cabellosanopilofitogen.com\/site\/wp-content\/uploads\/2021\/06\/Distribuidores.png 1200w\" sizes=\"(max-width: 776px) 100vw, 776px\" \/>\t\t\t\t\t\t\t\t\t\t\t\t\t\t\t<\/div>\n\t\t\t\t<\/div>\n\t\t\t\t\t<\/div>\n\t\t<\/div>\n\t\t\t\t<div class=\"elementor-column elementor-col-50 elementor-top-column elementor-element elementor-element-52be08b\" data-id=\"52be08b\" data-element_type=\"column\">\n\t\t\t<div class=\"elementor-widget-wrap elementor-element-populated\">\n\t\t\t\t\t\t<div class=\"elementor-element elementor-element-9cdb7a5 elementor-invisible elementor-widget elementor-widget-heading\" data-id=\"9cdb7a5\" data-element_type=\"widget\" data-settings=\"{&quot;_animation&quot;:&quot;fadeInRight&quot;}\" data-widget_type=\"heading.default\">\n\t\t\t\t<div class=\"elementor-widget-container\">\n\t\t\t\t\t<h2 class=\"elementor-heading-title elementor-size-default\">Principales puntos de<br> venta a nivel nacional<\/h2>\t\t\t\t<\/div>\n\t\t\t\t<\/div>\n\t\t\t\t<div class=\"elementor-element elementor-element-ec1ada9 elementor-widget elementor-widget-text-editor\" data-id=\"ec1ada9\" data-element_type=\"widget\" data-widget_type=\"text-editor.default\">\n\t\t\t\t<div class=\"elementor-widget-container\">\n\t\t\t\t\t\t\t\t\t<p><strong>Santa Marta:<\/strong> (5) 423 0495 Mi Piel Tienda Dermatol\u00f3gica<\/p><p><strong>C\u00facuta:<\/strong> 311 226 7277 Productos Naturales Tienda Naturista<\/p><p><strong>Bucaramanga:<\/strong> 315 887 2107 Distribuidor<\/p><p><strong>Medell\u00edn:<\/strong> (4) 444 6654 MOLI Productos Naturales<\/p><p><strong>Manizales:<\/strong> (6) 886 0403 Ext. 135 Liga Contra el C\u00e1ncer Seccional Caldas<\/p><p><strong>Pereira:<\/strong> 315 577 9492 Distribuidor (6) 335 6623 El Oasis Tienda Naturista<\/p><p><strong>Armenia:<\/strong> 018000 423567 MEDINAT Tienda Naturista<\/p><p><strong>Bogot\u00e1:<\/strong> 318 245 7248 Distribuidor<\/p><p><strong>Tunja:<\/strong> 314 461 2222 Bio Natural Center<\/p><p><strong>Ibagu\u00e9:<\/strong> 316 898 0122 Distribuidor<\/p><p><strong>Cali:<\/strong> (2) 338 7471 Mundo Salud<\/p><p><strong>Neiva:<\/strong> (8) 875 3318 Liga Contra el C\u00e1ncer Seccional Huila<\/p><p><strong>Pasto:<\/strong> 314 4421477 Christian David Moreno Rosales<\/p><p><strong>Mocoa:<\/strong> 320 261 6691 Vida Sana Tienda Naturista<\/p>\t\t\t\t\t\t\t\t<\/div>\n\t\t\t\t<\/div>\n\t\t\t\t\t<\/div>\n\t\t<\/div>\n\t\t\t\t\t<\/div>\n\t\t<\/section>\n\t\t\t\t<\/div>\n\t\t","protected":false},"excerpt":{"rendered":"<p>Principales puntos de venta a nivel nacional Santa Marta: (5) 423 0495 Mi Piel Tienda Dermatol\u00f3gica C\u00facuta: 311 226 7277 Productos Naturales Tienda Naturista Bucaramanga: 315 887 2107 Distribuidor Medell\u00edn: (4) 444 6654 MOLI Productos Naturales Manizales: (6) 886 0403 Ext. 135 Liga Contra el C\u00e1ncer Seccional Caldas Pereira: 315 577 9492 Distribuidor (6) 335 6623 El Oasis Tienda Naturista Armenia: 018000 423567 MEDINAT Tienda Naturista Bogot\u00e1: 318 245 7248 Distribuidor Tunja: 314 461 2222 Bio Natural Center Ibagu\u00e9: 316 898 0122 Distribuidor Cali: (2) 338 7471 Mundo Salud Neiva: (8) 875 3318 Liga Contra el C\u00e1ncer Seccional Huila Pasto: 314 4421477 Christian David Moreno Rosales Mocoa: 320 261 6691 Vida Sana Tienda Naturista<\/p>\n","protected":false},"author":1,"featured_media":0,"parent":0,"menu_order":0,"comment_status":"closed","ping_status":"closed","template":"elementor_header_footer","meta":{"footnotes":""},"class_list":["post-173","page","type-page","status-publish"],"_links":{"self":[{"href":"https:\/\/cabellosanopilofitogen.com\/site\/wp-json\/wp\/v2\/pages\/173","targetHints":{"allow":["GET"]}}],"collection":[{"href":"https:\/\/cabellosanopilofitogen.com\/site\/wp-json\/wp\/v2\/pages"}],"about":[{"href":"https:\/\/cabellosanopilofitogen.com\/site\/wp-json\/wp\/v2\/types\/page"}],"author":[{"embeddable":true,"href":"https:\/\/cabellosanopilofitogen.com\/site\/wp-json\/wp\/v2\/users\/1"}],"replies":[{"embeddable":true,"href":"https:\/\/cabellosanopilofitogen.com\/site\/wp-json\/wp\/v2\/comments?post=173"}],"version-history":[{"count":43,"href":"https:\/\/cabellosanopilofitogen.com\/site\/wp-json\/wp\/v2\/pages\/173\/revisions"}],"predecessor-version":[{"id":597,"href":"https:\/\/cabellosanopilofitogen.com\/site\/wp-json\/wp\/v2\/pages\/173\/revisions\/597"}],"wp:attachment":[{"href":"https:\/\/cabellosanopilofitogen.com\/site\/wp-json\/wp\/v2\/media?parent=173"}],"curies":[{"name":"wp","href":"https:\/\/api.w.org\/{rel}","templated":true}]}}