{"id":80,"date":"2021-05-31T04:31:28","date_gmt":"2021-05-31T04:31:28","guid":{"rendered":"https:\/\/cabellosanopilofitogen.com\/site\/?page_id=80"},"modified":"2021-10-15T12:32:04","modified_gmt":"2021-10-15T12:32:04","slug":"nosotros","status":"publish","type":"page","link":"https:\/\/cabellosanopilofitogen.com\/site\/nosotros\/","title":{"rendered":"Nosotros"},"content":{"rendered":"\t\t<div data-elementor-type=\"wp-page\" data-elementor-id=\"80\" class=\"elementor elementor-80\" data-elementor-settings=\"{&quot;ha_cmc_init_switcher&quot;:&quot;no&quot;}\" data-elementor-post-type=\"page\">\n\t\t\t\t\t\t<section class=\"elementor-section elementor-top-section elementor-element elementor-element-a55026f elementor-section-boxed elementor-section-height-default elementor-section-height-default\" data-id=\"a55026f\" data-element_type=\"section\" data-settings=\"{&quot;_ha_eqh_enable&quot;:false}\">\n\t\t\t\t\t\t<div class=\"elementor-container elementor-column-gap-default\">\n\t\t\t\t\t<div class=\"elementor-column elementor-col-100 elementor-top-column elementor-element elementor-element-df94f66\" data-id=\"df94f66\" data-element_type=\"column\">\n\t\t\t<div class=\"elementor-widget-wrap\">\n\t\t\t\t\t\t\t<\/div>\n\t\t<\/div>\n\t\t\t\t\t<\/div>\n\t\t<\/section>\n\t\t\t\t<section class=\"elementor-section elementor-top-section elementor-element elementor-element-247ee8c7 elementor-section-height-min-height elementor-section-boxed elementor-section-height-default elementor-section-items-middle\" data-id=\"247ee8c7\" data-element_type=\"section\" data-settings=\"{&quot;background_background&quot;:&quot;classic&quot;,&quot;_ha_eqh_enable&quot;:false}\">\n\t\t\t\t\t\t<div class=\"elementor-container elementor-column-gap-default\">\n\t\t\t\t\t<div class=\"elementor-column elementor-col-100 elementor-top-column elementor-element elementor-element-4d4af691\" data-id=\"4d4af691\" data-element_type=\"column\">\n\t\t\t<div class=\"elementor-widget-wrap elementor-element-populated\">\n\t\t\t\t\t\t<section class=\"elementor-section elementor-inner-section elementor-element elementor-element-4c5d2fa7 elementor-reverse-mobile elementor-section-boxed elementor-section-height-default elementor-section-height-default\" data-id=\"4c5d2fa7\" data-element_type=\"section\" data-settings=\"{&quot;background_background&quot;:&quot;classic&quot;,&quot;_ha_eqh_enable&quot;:false}\">\n\t\t\t\t\t\t<div class=\"elementor-container elementor-column-gap-default\">\n\t\t\t\t\t<div class=\"elementor-column elementor-col-100 elementor-inner-column elementor-element elementor-element-3af84bb\" data-id=\"3af84bb\" data-element_type=\"column\" data-settings=\"{&quot;background_background&quot;:&quot;classic&quot;}\">\n\t\t\t<div class=\"elementor-widget-wrap elementor-element-populated\">\n\t\t\t\t\t\t<div class=\"elementor-element elementor-element-a6c873e elementor-invisible elementor-widget elementor-widget-image\" data-id=\"a6c873e\" data-element_type=\"widget\" data-settings=\"{&quot;_animation&quot;:&quot;fadeIn&quot;}\" data-widget_type=\"image.default\">\n\t\t\t\t<div class=\"elementor-widget-container\">\n\t\t\t\t\t\t\t\t\t\t\t\t\t\t\t<img fetchpriority=\"high\" decoding=\"async\" width=\"654\" height=\"227\" src=\"https:\/\/cabellosanopilofitogen.com\/site\/wp-content\/uploads\/2021\/05\/logo_PNG.png\" class=\"attachment-large size-large wp-image-54\" alt=\"\" srcset=\"https:\/\/cabellosanopilofitogen.com\/site\/wp-content\/uploads\/2021\/05\/logo_PNG.png 654w, https:\/\/cabellosanopilofitogen.com\/site\/wp-content\/uploads\/2021\/05\/logo_PNG-300x104.png 300w\" sizes=\"(max-width: 654px) 100vw, 654px\" \/>\t\t\t\t\t\t\t\t\t\t\t\t\t\t\t<\/div>\n\t\t\t\t<\/div>\n\t\t\t\t<div class=\"elementor-element elementor-element-6c5c14f elementor-widget-divider--view-line elementor-invisible elementor-widget elementor-widget-divider\" data-id=\"6c5c14f\" data-element_type=\"widget\" data-settings=\"{&quot;_animation&quot;:&quot;fadeIn&quot;}\" data-widget_type=\"divider.default\">\n\t\t\t\t<div class=\"elementor-widget-container\">\n\t\t\t\t\t\t\t<div class=\"elementor-divider\">\n\t\t\t<span class=\"elementor-divider-separator\">\n\t\t\t\t\t\t<\/span>\n\t\t<\/div>\n\t\t\t\t\t\t<\/div>\n\t\t\t\t<\/div>\n\t\t\t\t<div class=\"elementor-element elementor-element-c04fcd0 elementor-invisible elementor-widget elementor-widget-heading\" data-id=\"c04fcd0\" data-element_type=\"widget\" data-settings=\"{&quot;_animation&quot;:&quot;fadeInRight&quot;}\" data-widget_type=\"heading.default\">\n\t\t\t\t<div class=\"elementor-widget-container\">\n\t\t\t\t\t<h2 class=\"elementor-heading-title elementor-size-default\">\u00bfQue es Pilofitogen Laboratorio <br>\nde Productos Naturales SAS?<\/h2>\t\t\t\t<\/div>\n\t\t\t\t<\/div>\n\t\t\t\t<div class=\"elementor-element elementor-element-f09de8b elementor-invisible elementor-widget elementor-widget-text-editor\" data-id=\"f09de8b\" data-element_type=\"widget\" data-settings=\"{&quot;_animation&quot;:&quot;fadeInLeft&quot;}\" data-widget_type=\"text-editor.default\">\n\t\t\t\t<div class=\"elementor-widget-container\">\n\t\t\t\t\t\t\t\t\t<p>Somos una empresa dedicada a la fabricaci\u00f3n y comercializaci\u00f3n de productos cosm\u00e9ticos, con un alto \u00e9nfasis en la utilizaci\u00f3n de <strong><span style=\"color: #008000;\">productos naturales<\/span><\/strong> colombianos, puros o mezclados para obtener productos que satisfagan las necesidades de nuestros clientes.<\/p><p>Nuestros procesos son el fruto de la investigaci\u00f3n y desarrollo de productos con car\u00e1cter cient\u00edfico, unido a <strong><span style=\"color: #008000;\">25 a\u00f1os de experiencia<\/span><\/strong> en la venta y fabricaci\u00f3n de nuestros productos en Colombia, cumpliendo con est\u00e1ndares de calidad.<\/p><p>Buscamos desarrollar y ofrecer al p\u00fablico productos cosm\u00e9ticos con extractos naturales de alta calidad a precios asequibles, que contribuyan a<span style=\"color: #008000;\"><strong> mejorar la calidad<\/strong> <strong>de vida<\/strong><\/span>.<\/p>\t\t\t\t\t\t\t\t<\/div>\n\t\t\t\t<\/div>\n\t\t\t\t\t<\/div>\n\t\t<\/div>\n\t\t\t\t\t<\/div>\n\t\t<\/section>\n\t\t\t\t<section class=\"elementor-section elementor-inner-section elementor-element elementor-element-165ed658 elementor-section-boxed elementor-section-height-default elementor-section-height-default\" data-id=\"165ed658\" data-element_type=\"section\" data-settings=\"{&quot;background_background&quot;:&quot;classic&quot;,&quot;_ha_eqh_enable&quot;:false}\">\n\t\t\t\t\t\t<div class=\"elementor-container elementor-column-gap-default\">\n\t\t\t\t\t<div class=\"elementor-column elementor-col-50 elementor-inner-column elementor-element elementor-element-57a24bc6\" data-id=\"57a24bc6\" data-element_type=\"column\">\n\t\t\t<div class=\"elementor-widget-wrap elementor-element-populated\">\n\t\t\t\t\t\t<div class=\"elementor-element elementor-element-62415678 elementor-invisible elementor-widget elementor-widget-image\" data-id=\"62415678\" data-element_type=\"widget\" data-settings=\"{&quot;_animation&quot;:&quot;fadeInDown&quot;}\" data-widget_type=\"image.default\">\n\t\t\t\t<div class=\"elementor-widget-container\">\n\t\t\t\t\t\t\t\t\t\t\t\t\t\t\t<img decoding=\"async\" width=\"426\" height=\"442\" src=\"https:\/\/cabellosanopilofitogen.com\/site\/wp-content\/uploads\/2021\/05\/Recurso-11.png\" class=\"attachment-large size-large wp-image-115\" alt=\"\" srcset=\"https:\/\/cabellosanopilofitogen.com\/site\/wp-content\/uploads\/2021\/05\/Recurso-11.png 426w, https:\/\/cabellosanopilofitogen.com\/site\/wp-content\/uploads\/2021\/05\/Recurso-11-289x300.png 289w\" sizes=\"(max-width: 426px) 100vw, 426px\" \/>\t\t\t\t\t\t\t\t\t\t\t\t\t\t\t<\/div>\n\t\t\t\t<\/div>\n\t\t\t\t\t<\/div>\n\t\t<\/div>\n\t\t\t\t<div class=\"elementor-column elementor-col-50 elementor-inner-column elementor-element elementor-element-75047c78\" data-id=\"75047c78\" data-element_type=\"column\">\n\t\t\t<div class=\"elementor-widget-wrap elementor-element-populated\">\n\t\t\t\t\t\t<div class=\"elementor-element elementor-element-62bf360 elementor-vertical-align-top ha-has-bg-overlay elementor-invisible elementor-widget elementor-widget-image-box\" data-id=\"62bf360\" data-element_type=\"widget\" data-settings=\"{&quot;_animation&quot;:&quot;fadeInRight&quot;}\" data-widget_type=\"image-box.default\">\n\t\t\t\t<div class=\"elementor-widget-container\">\n\t\t\t\t\t<div class=\"elementor-image-box-wrapper\"><div class=\"elementor-image-box-content\"><h3 class=\"elementor-image-box-title\">Misi\u00f3n<\/h3><p class=\"elementor-image-box-description\">Nuestra misi\u00f3n es la investigaci\u00f3n, el desarrollo y la producci\u00f3n de cosm\u00e9ticos. Hacemos \u00e9nfasis en la utilizaci\u00f3n de la biodiversidad Colombiana con criterio cient\u00edfico y con un estricto seguimiento de normas nacionales e internacionales.<br><br>\n\nEl cumplimiento de las buenas pr\u00e1cticas de manufactura, son prioridad para nuestra empresa, conservando as\u00ed la salud humana y velando por la protecci\u00f3n del medio ambiente. Buscamos desarrollar y ofrecer al p\u00fablico productos cosm\u00e9ticos con extractos naturales de alta calidad y asequibles que contribuyan a mejorar la calidad de vida de nuestro\npueblo colombiano.<\/p><\/div><\/div>\t\t\t\t<\/div>\n\t\t\t\t<\/div>\n\t\t\t\t\t<\/div>\n\t\t<\/div>\n\t\t\t\t\t<\/div>\n\t\t<\/section>\n\t\t\t\t<section class=\"elementor-section elementor-inner-section elementor-element elementor-element-722e7244 elementor-section-boxed elementor-section-height-default elementor-section-height-default\" data-id=\"722e7244\" data-element_type=\"section\" data-settings=\"{&quot;background_background&quot;:&quot;classic&quot;,&quot;_ha_eqh_enable&quot;:false}\">\n\t\t\t\t\t\t<div class=\"elementor-container elementor-column-gap-default\">\n\t\t\t\t\t<div class=\"elementor-column elementor-col-50 elementor-inner-column elementor-element elementor-element-39f5209\" data-id=\"39f5209\" data-element_type=\"column\">\n\t\t\t<div class=\"elementor-widget-wrap elementor-element-populated\">\n\t\t\t\t\t\t<div class=\"elementor-element elementor-element-62f62e82 elementor-vertical-align-top ha-has-bg-overlay elementor-invisible elementor-widget elementor-widget-image-box\" data-id=\"62f62e82\" data-element_type=\"widget\" data-settings=\"{&quot;_animation&quot;:&quot;fadeInRight&quot;}\" data-widget_type=\"image-box.default\">\n\t\t\t\t<div class=\"elementor-widget-container\">\n\t\t\t\t\t<div class=\"elementor-image-box-wrapper\"><div class=\"elementor-image-box-content\"><h3 class=\"elementor-image-box-title\">Visi\u00f3n<\/h3><p class=\"elementor-image-box-description\">Llegar a ser en el 2030 el principal laboratorio de productos Fitocosm\u00e9ticos en la zona central del pa\u00eds y lograr comercializaci\u00f3n en el mercado internacional, desarrollando productos que realcen nuestra belleza, mejoren la salud y exalten la practicidad y diversidad de nuestra flora colombiana.<br><br><\/p><\/div><\/div>\t\t\t\t<\/div>\n\t\t\t\t<\/div>\n\t\t\t\t\t<\/div>\n\t\t<\/div>\n\t\t\t\t<div class=\"elementor-column elementor-col-50 elementor-inner-column elementor-element elementor-element-475cde3a\" data-id=\"475cde3a\" data-element_type=\"column\">\n\t\t\t<div class=\"elementor-widget-wrap elementor-element-populated\">\n\t\t\t\t\t\t<div class=\"elementor-element elementor-element-5d289ceb elementor-invisible elementor-widget elementor-widget-image\" data-id=\"5d289ceb\" data-element_type=\"widget\" data-settings=\"{&quot;_animation&quot;:&quot;fadeInDown&quot;}\" data-widget_type=\"image.default\">\n\t\t\t\t<div class=\"elementor-widget-container\">\n\t\t\t\t\t\t\t\t\t\t\t\t\t\t\t<img decoding=\"async\" width=\"701\" height=\"722\" src=\"https:\/\/cabellosanopilofitogen.com\/site\/wp-content\/uploads\/2021\/05\/BALSAMO_pilofitogen.jpg\" class=\"attachment-large size-large wp-image-137\" alt=\"\" srcset=\"https:\/\/cabellosanopilofitogen.com\/site\/wp-content\/uploads\/2021\/05\/BALSAMO_pilofitogen.jpg 701w, https:\/\/cabellosanopilofitogen.com\/site\/wp-content\/uploads\/2021\/05\/BALSAMO_pilofitogen-291x300.jpg 291w\" sizes=\"(max-width: 701px) 100vw, 701px\" \/>\t\t\t\t\t\t\t\t\t\t\t\t\t\t\t<\/div>\n\t\t\t\t<\/div>\n\t\t\t\t\t<\/div>\n\t\t<\/div>\n\t\t\t\t\t<\/div>\n\t\t<\/section>\n\t\t\t\t\t<\/div>\n\t\t<\/div>\n\t\t\t\t\t<\/div>\n\t\t<\/section>\n\t\t\t\t<\/div>\n\t\t","protected":false},"excerpt":{"rendered":"<p>\u00bfQue es Pilofitogen Laboratorio de Productos Naturales SAS? Somos una empresa dedicada a la fabricaci\u00f3n y comercializaci\u00f3n de productos cosm\u00e9ticos, con un alto \u00e9nfasis en la utilizaci\u00f3n de productos naturales colombianos, puros o mezclados para obtener productos que satisfagan las necesidades de nuestros clientes. Nuestros procesos son el fruto de la investigaci\u00f3n y desarrollo de productos con car\u00e1cter cient\u00edfico, unido a 25 a\u00f1os de experiencia en la venta y fabricaci\u00f3n de nuestros productos en Colombia, cumpliendo con est\u00e1ndares de calidad. Buscamos desarrollar y ofrecer al p\u00fablico productos cosm\u00e9ticos con extractos naturales de alta calidad a precios asequibles, que contribuyan a mejorar la calidad de vida. Misi\u00f3n Nuestra misi\u00f3n es la investigaci\u00f3n, el desarrollo y la producci\u00f3n de cosm\u00e9ticos. Hacemos \u00e9nfasis en la utilizaci\u00f3n de la biodiversidad Colombiana con criterio cient\u00edfico y con un estricto seguimiento de normas nacionales e internacionales. El cumplimiento de las buenas pr\u00e1cticas de manufactura, son prioridad&hellip;<\/p>\n<p> <a class=\"more-link\" href=\"https:\/\/cabellosanopilofitogen.com\/site\/nosotros\/\">Leer m\u00e1s<\/a><\/p>\n","protected":false},"author":1,"featured_media":0,"parent":0,"menu_order":0,"comment_status":"closed","ping_status":"closed","template":"elementor_header_footer","meta":{"footnotes":""},"class_list":["post-80","page","type-page","status-publish"],"_links":{"self":[{"href":"https:\/\/cabellosanopilofitogen.com\/site\/wp-json\/wp\/v2\/pages\/80","targetHints":{"allow":["GET"]}}],"collection":[{"href":"https:\/\/cabellosanopilofitogen.com\/site\/wp-json\/wp\/v2\/pages"}],"about":[{"href":"https:\/\/cabellosanopilofitogen.com\/site\/wp-json\/wp\/v2\/types\/page"}],"author":[{"embeddable":true,"href":"https:\/\/cabellosanopilofitogen.com\/site\/wp-json\/wp\/v2\/users\/1"}],"replies":[{"embeddable":true,"href":"https:\/\/cabellosanopilofitogen.com\/site\/wp-json\/wp\/v2\/comments?post=80"}],"version-history":[{"count":31,"href":"https:\/\/cabellosanopilofitogen.com\/site\/wp-json\/wp\/v2\/pages\/80\/revisions"}],"predecessor-version":[{"id":592,"href":"https:\/\/cabellosanopilofitogen.com\/site\/wp-json\/wp\/v2\/pages\/80\/revisions\/592"}],"wp:attachment":[{"href":"https:\/\/cabellosanopilofitogen.com\/site\/wp-json\/wp\/v2\/media?parent=80"}],"curies":[{"name":"wp","href":"https:\/\/api.w.org\/{rel}","templated":true}]}}