{"id":94,"date":"2021-05-31T05:16:41","date_gmt":"2021-05-31T05:16:41","guid":{"rendered":"https:\/\/cabellosanopilofitogen.com\/site\/?page_id=94"},"modified":"2021-10-15T12:21:14","modified_gmt":"2021-10-15T12:21:14","slug":"champu-revitalizador","status":"publish","type":"page","link":"https:\/\/cabellosanopilofitogen.com\/site\/champu-revitalizador\/","title":{"rendered":"Champ\u00fa Revitalizador"},"content":{"rendered":"\t\t<div data-elementor-type=\"wp-page\" data-elementor-id=\"94\" class=\"elementor elementor-94\" data-elementor-settings=\"{&quot;ha_cmc_init_switcher&quot;:&quot;no&quot;}\" data-elementor-post-type=\"page\">\n\t\t\t\t\t\t<section class=\"elementor-section elementor-top-section elementor-element elementor-element-771e4fe elementor-section-boxed elementor-section-height-default elementor-section-height-default\" data-id=\"771e4fe\" data-element_type=\"section\" data-settings=\"{&quot;_ha_eqh_enable&quot;:false}\">\n\t\t\t\t\t\t<div class=\"elementor-container elementor-column-gap-default\">\n\t\t\t\t\t<div class=\"elementor-column elementor-col-100 elementor-top-column elementor-element elementor-element-ed73b62\" data-id=\"ed73b62\" data-element_type=\"column\">\n\t\t\t<div class=\"elementor-widget-wrap\">\n\t\t\t\t\t\t\t<\/div>\n\t\t<\/div>\n\t\t\t\t\t<\/div>\n\t\t<\/section>\n\t\t\t\t<section class=\"elementor-section elementor-top-section elementor-element elementor-element-5ae154fc elementor-section-content-middle elementor-section-boxed elementor-section-height-default elementor-section-height-default\" data-id=\"5ae154fc\" data-element_type=\"section\" data-settings=\"{&quot;background_background&quot;:&quot;classic&quot;,&quot;_ha_eqh_enable&quot;:false}\">\n\t\t\t\t\t\t\t<div class=\"elementor-background-overlay\"><\/div>\n\t\t\t\t\t\t\t<div class=\"elementor-container elementor-column-gap-default\">\n\t\t\t\t\t<div class=\"elementor-column elementor-col-50 elementor-top-column elementor-element elementor-element-2ca3cbec\" data-id=\"2ca3cbec\" data-element_type=\"column\">\n\t\t\t<div class=\"elementor-widget-wrap elementor-element-populated\">\n\t\t\t\t\t\t<div class=\"elementor-element elementor-element-cbedb69 elementor-widget elementor-widget-heading\" data-id=\"cbedb69\" data-element_type=\"widget\" data-widget_type=\"heading.default\">\n\t\t\t\t<div class=\"elementor-widget-container\">\n\t\t\t\t\t<h2 class=\"elementor-heading-title elementor-size-default\">CHAMP\u00da<\/h2>\t\t\t\t<\/div>\n\t\t\t\t<\/div>\n\t\t\t\t<div class=\"elementor-element elementor-element-52e53509 elementor-widget elementor-widget-heading\" data-id=\"52e53509\" data-element_type=\"widget\" data-widget_type=\"heading.default\">\n\t\t\t\t<div class=\"elementor-widget-container\">\n\t\t\t\t\t<h2 class=\"elementor-heading-title elementor-size-default\">REVITALIZADOR<\/h2>\t\t\t\t<\/div>\n\t\t\t\t<\/div>\n\t\t\t\t<div class=\"elementor-element elementor-element-3dcb6f94 elementor-widget-divider--view-line elementor-widget elementor-widget-divider\" data-id=\"3dcb6f94\" data-element_type=\"widget\" data-widget_type=\"divider.default\">\n\t\t\t\t<div class=\"elementor-widget-container\">\n\t\t\t\t\t\t\t<div class=\"elementor-divider\">\n\t\t\t<span class=\"elementor-divider-separator\">\n\t\t\t\t\t\t<\/span>\n\t\t<\/div>\n\t\t\t\t\t\t<\/div>\n\t\t\t\t<\/div>\n\t\t\t\t<div class=\"elementor-element elementor-element-2e1ec277 elementor-widget elementor-widget-heading\" data-id=\"2e1ec277\" data-element_type=\"widget\" data-widget_type=\"heading.default\">\n\t\t\t\t<div class=\"elementor-widget-container\">\n\t\t\t\t\t<h2 class=\"elementor-heading-title elementor-size-default\">L\u00ednea para el cuidado del cabello<\/h2>\t\t\t\t<\/div>\n\t\t\t\t<\/div>\n\t\t\t\t<div class=\"elementor-element elementor-element-17f64c73 elementor-widget elementor-widget-heading\" data-id=\"17f64c73\" data-element_type=\"widget\" data-widget_type=\"heading.default\">\n\t\t\t\t<div class=\"elementor-widget-container\">\n\t\t\t\t\t<h2 class=\"elementor-heading-title elementor-size-default\">CUIDADO DEL CABELLO<\/h2>\t\t\t\t<\/div>\n\t\t\t\t<\/div>\n\t\t\t\t<div class=\"elementor-element elementor-element-df947dd elementor-widget elementor-widget-text-editor\" data-id=\"df947dd\" data-element_type=\"widget\" data-widget_type=\"text-editor.default\">\n\t\t\t\t<div class=\"elementor-widget-container\">\n\t\t\t\t\t\t\t\t\t<p>El champ\u00fa revitalizador de marca Pilofitogen da vida a tu cabello, previene la ca\u00edda, hace crecer cabello nuevo, lo mantiene abundante y hermoso. Esto gracias a su f\u00f3rmula con vitaminas y un elaborado m\u00falti-extracto herb\u00e1ceo con <span style=\"color: #99cc00;\">plantas de excelente calidad<\/span> y rigurosamente estudiadas, adem\u00e1s es de f\u00e1cil uso y no se requiere de por vida.<\/p>\t\t\t\t\t\t\t\t<\/div>\n\t\t\t\t<\/div>\n\t\t\t\t<div class=\"elementor-element elementor-element-7b6d775 elementor-widget elementor-widget-button\" data-id=\"7b6d775\" data-element_type=\"widget\" data-widget_type=\"button.default\">\n\t\t\t\t<div class=\"elementor-widget-container\">\n\t\t\t\t\t\t\t\t\t<div class=\"elementor-button-wrapper\">\n\t\t\t\t\t<a class=\"elementor-button elementor-button-link elementor-size-sm\" href=\"https:\/\/api.whatsapp.com\/send?phone=+573158822216&#038;text=Hola,%20estoy%20interesado%20en:%20Champ%C3%BA%20Revitalizador\">\n\t\t\t\t\t\t<span class=\"elementor-button-content-wrapper\">\n\t\t\t\t\t\t\t\t\t<span class=\"elementor-button-text\">Comprar<\/span>\n\t\t\t\t\t<\/span>\n\t\t\t\t\t<\/a>\n\t\t\t\t<\/div>\n\t\t\t\t\t\t\t\t<\/div>\n\t\t\t\t<\/div>\n\t\t\t\t\t<\/div>\n\t\t<\/div>\n\t\t\t\t<div class=\"elementor-column elementor-col-50 elementor-top-column elementor-element elementor-element-6aa02ed6\" data-id=\"6aa02ed6\" data-element_type=\"column\">\n\t\t\t<div class=\"elementor-widget-wrap elementor-element-populated\">\n\t\t\t\t\t\t<div class=\"elementor-element elementor-element-17b975a elementor-widget elementor-widget-image\" data-id=\"17b975a\" data-element_type=\"widget\" data-widget_type=\"image.default\">\n\t\t\t\t<div class=\"elementor-widget-container\">\n\t\t\t\t\t\t\t\t\t\t\t\t\t\t\t<img fetchpriority=\"high\" decoding=\"async\" width=\"576\" height=\"1024\" src=\"https:\/\/cabellosanopilofitogen.com\/site\/wp-content\/uploads\/2021\/07\/Champu-Revitalizador-576x1024.jpg\" class=\"attachment-large size-large wp-image-450\" alt=\"\" srcset=\"https:\/\/cabellosanopilofitogen.com\/site\/wp-content\/uploads\/2021\/07\/Champu-Revitalizador-576x1024.jpg 576w, https:\/\/cabellosanopilofitogen.com\/site\/wp-content\/uploads\/2021\/07\/Champu-Revitalizador-169x300.jpg 169w, https:\/\/cabellosanopilofitogen.com\/site\/wp-content\/uploads\/2021\/07\/Champu-Revitalizador-768x1364.jpg 768w, https:\/\/cabellosanopilofitogen.com\/site\/wp-content\/uploads\/2021\/07\/Champu-Revitalizador-865x1536.jpg 865w, https:\/\/cabellosanopilofitogen.com\/site\/wp-content\/uploads\/2021\/07\/Champu-Revitalizador.jpg 912w\" sizes=\"(max-width: 576px) 100vw, 576px\" \/>\t\t\t\t\t\t\t\t\t\t\t\t\t\t\t<\/div>\n\t\t\t\t<\/div>\n\t\t\t\t\t<\/div>\n\t\t<\/div>\n\t\t\t\t\t<\/div>\n\t\t<\/section>\n\t\t\t\t<\/div>\n\t\t","protected":false},"excerpt":{"rendered":"<p>CHAMP\u00da REVITALIZADOR L\u00ednea para el cuidado del cabello CUIDADO DEL CABELLO El champ\u00fa revitalizador de marca Pilofitogen da vida a tu cabello, previene la ca\u00edda, hace crecer cabello nuevo, lo mantiene abundante y hermoso. Esto gracias a su f\u00f3rmula con vitaminas y un elaborado m\u00falti-extracto herb\u00e1ceo con plantas de excelente calidad y rigurosamente estudiadas, adem\u00e1s es de f\u00e1cil uso y no se requiere de por vida. Comprar<\/p>\n","protected":false},"author":1,"featured_media":0,"parent":0,"menu_order":0,"comment_status":"closed","ping_status":"closed","template":"elementor_header_footer","meta":{"footnotes":""},"class_list":["post-94","page","type-page","status-publish"],"_links":{"self":[{"href":"https:\/\/cabellosanopilofitogen.com\/site\/wp-json\/wp\/v2\/pages\/94","targetHints":{"allow":["GET"]}}],"collection":[{"href":"https:\/\/cabellosanopilofitogen.com\/site\/wp-json\/wp\/v2\/pages"}],"about":[{"href":"https:\/\/cabellosanopilofitogen.com\/site\/wp-json\/wp\/v2\/types\/page"}],"author":[{"embeddable":true,"href":"https:\/\/cabellosanopilofitogen.com\/site\/wp-json\/wp\/v2\/users\/1"}],"replies":[{"embeddable":true,"href":"https:\/\/cabellosanopilofitogen.com\/site\/wp-json\/wp\/v2\/comments?post=94"}],"version-history":[{"count":31,"href":"https:\/\/cabellosanopilofitogen.com\/site\/wp-json\/wp\/v2\/pages\/94\/revisions"}],"predecessor-version":[{"id":577,"href":"https:\/\/cabellosanopilofitogen.com\/site\/wp-json\/wp\/v2\/pages\/94\/revisions\/577"}],"wp:attachment":[{"href":"https:\/\/cabellosanopilofitogen.com\/site\/wp-json\/wp\/v2\/media?parent=94"}],"curies":[{"name":"wp","href":"https:\/\/api.w.org\/{rel}","templated":true}]}}